{"id":61220,"date":"2026-03-14T01:35:21","date_gmt":"2026-03-14T01:35:21","guid":{"rendered":"https:\/\/gfsupplyco.de\/product\/caffe-latte-set\/"},"modified":"2026-03-21T00:53:21","modified_gmt":"2026-03-21T00:53:21","slug":"caffe-latte-set","status":"publish","type":"product","link":"https:\/\/gfsupplyco.de\/en\/product\/caffe-latte-set\/","title":{"rendered":"Caff\u00e8 Latte Set"},"content":{"rendered":"","protected":false},"excerpt":{"rendered":"<p>Caff\u00e8 Latte set LOUNGE, 360 ml, \u00d8 8,5 cm, set of 2 pcs., set of 2 pcs., borosilicate glass<\/p>","protected":false},"featured_media":22201,"template":"","meta":{"_acf_changed":false,"_angie_page":false},"product_chapter":[7559],"product_brand":[7329],"product_cat":[7604,25,6807],"product_tag":[],"class_list":{"0":"post-61220","1":"product","2":"type-product","3":"status-publish","4":"has-post-thumbnail","6":"product_chapter-tabletop","7":"product_brand-was-germany","8":"product_cat-coffee-hot-drinks","9":"product_cat-uncategorized","10":"product_cat-unkategorisiert","11":"pa_marke-was-germany","12":"pa_name-der-serie-lounge","13":"pa_versandart-parcel","15":"first","16":"instock","17":"taxable","18":"shipping-taxable","19":"purchasable","20":"product-type-simple"},"acf":[],"_links":{"self":[{"href":"https:\/\/gfsupplyco.de\/en\/wp-json\/wp\/v2\/product\/61220","targetHints":{"allow":["GET"]}}],"collection":[{"href":"https:\/\/gfsupplyco.de\/en\/wp-json\/wp\/v2\/product"}],"about":[{"href":"https:\/\/gfsupplyco.de\/en\/wp-json\/wp\/v2\/types\/product"}],"wp:featuredmedia":[{"embeddable":true,"href":"https:\/\/gfsupplyco.de\/en\/wp-json\/wp\/v2\/media\/22201"}],"wp:attachment":[{"href":"https:\/\/gfsupplyco.de\/en\/wp-json\/wp\/v2\/media?parent=61220"}],"wp:term":[{"taxonomy":"product_chapter","embeddable":true,"href":"https:\/\/gfsupplyco.de\/en\/wp-json\/wp\/v2\/product_chapter?post=61220"},{"taxonomy":"product_brand","embeddable":true,"href":"https:\/\/gfsupplyco.de\/en\/wp-json\/wp\/v2\/product_brand?post=61220"},{"taxonomy":"product_cat","embeddable":true,"href":"https:\/\/gfsupplyco.de\/en\/wp-json\/wp\/v2\/product_cat?post=61220"},{"taxonomy":"product_tag","embeddable":true,"href":"https:\/\/gfsupplyco.de\/en\/wp-json\/wp\/v2\/product_tag?post=61220"}],"curies":[{"name":"wp","href":"https:\/\/api.w.org\/{rel}","templated":true}]}}